{"id":3542,"date":"2011-01-25T10:00:16","date_gmt":"2011-01-25T09:00:16","guid":{"rendered":"http:\/\/www.blog.kepfenyezo.hu\/"},"modified":"2011-01-25T10:00:16","modified_gmt":"2011-01-25T09:00:16","slug":"juli","status":"publish","type":"page","link":"https:\/\/www.kepfenyezo.hu\/blog\/rolunk\/juli\/","title":{"rendered":"Juli"},"content":{"rendered":"<p>Egy k\u00fclf\u00f6ldi csal\u00e1di fot\u00f3s k\u00e9pei ragadtak meg el\u0151sz\u00f6r. Az   \u00f6sszetartoz\u00e1s \u00e9s az \u00f6r\u00f6m, ami s\u00fct\u00f6tt bel\u0151l\u00fck. Egyszer\u0171 h\u00e9tk\u00f6znapi   pillanatok voltak, m\u00e9gis volt benn\u00fck valami plusz, amit ritk\u00e1n l\u00e1tni.<\/p>\n<p>Olyan k\u00e9peket szeretek k\u00e9sz\u00edteni, amit azt\u00e1n el\u0151vesznek az emberek. T\u00f6bbsz\u00f6r is. Vagy kiteszik a falra.<br \/>\nAmi nem csak egy j\u00f3 kompoz\u00edci\u00f3, valami ritmus vagy \u00e9rdekess\u00e9g, hanem amiben valahogy benne van valaki.<\/p>\n<p>Nem fot\u00f3zok (t\u00fal sok) \u00e9p\u00fcletet, mez\u0151t vagy \u00e1llatokat, mert az emberek   \u00e9rdekelnek. A k\u00f6zt\u00fck l\u00e9v\u0151 kapcsolatok, \u00e9rzelmek, esem\u00e9nyek. Ez\u00e9rt   fot\u00f3zok.<\/p>\n<p><a href=\"https:\/\/www.kepfenyezo.hu\/blog\/wp-content\/uploads\/2011\/01\/juli300.jpg\"><img loading=\"lazy\" class=\"aligncenter size-full wp-image-3544\" title=\"juli300\" src=\"https:\/\/www.kepfenyezo.hu\/blog\/wp-content\/uploads\/2011\/01\/juli300.jpg\" alt=\"\" width=\"199\" height=\"300\" \/><\/a><\/p>\n","protected":false},"excerpt":{"rendered":"<p>Egy k\u00fclf\u00f6ldi csal\u00e1di fot\u00f3s k\u00e9pei ragadtak meg el\u0151sz\u00f6r. Az \u00f6sszetartoz\u00e1s \u00e9s az \u00f6r\u00f6m, ami s\u00fct\u00f6tt bel\u0151l\u00fck. Egyszer\u0171 h\u00e9tk\u00f6znapi pillanatok voltak, m\u00e9gis volt benn\u00fck valami plusz, amit ritk\u00e1n l\u00e1tni. Olyan k\u00e9peket szeretek k\u00e9sz\u00edteni, amit azt\u00e1n el\u0151vesznek az emberek. T\u00f6bbsz\u00f6r is. Vagy kiteszik a falra. Ami nem csak egy j\u00f3 kompoz\u00edci\u00f3, valami ritmus vagy \u00e9rdekess\u00e9g, hanem amiben [&hellip;]<\/p>\n","protected":false},"author":13,"featured_media":0,"parent":2,"menu_order":0,"comment_status":"open","ping_status":"open","template":"","meta":{"_links_to":"","_links_to_target":""},"_links":{"self":[{"href":"https:\/\/www.kepfenyezo.hu\/blog\/wp-json\/wp\/v2\/pages\/3542"}],"collection":[{"href":"https:\/\/www.kepfenyezo.hu\/blog\/wp-json\/wp\/v2\/pages"}],"about":[{"href":"https:\/\/www.kepfenyezo.hu\/blog\/wp-json\/wp\/v2\/types\/page"}],"author":[{"embeddable":true,"href":"https:\/\/www.kepfenyezo.hu\/blog\/wp-json\/wp\/v2\/users\/13"}],"replies":[{"embeddable":true,"href":"https:\/\/www.kepfenyezo.hu\/blog\/wp-json\/wp\/v2\/comments?post=3542"}],"version-history":[{"count":1,"href":"https:\/\/www.kepfenyezo.hu\/blog\/wp-json\/wp\/v2\/pages\/3542\/revisions"}],"predecessor-version":[{"id":3545,"href":"https:\/\/www.kepfenyezo.hu\/blog\/wp-json\/wp\/v2\/pages\/3542\/revisions\/3545"}],"up":[{"embeddable":true,"href":"https:\/\/www.kepfenyezo.hu\/blog\/wp-json\/wp\/v2\/pages\/2"}],"wp:attachment":[{"href":"https:\/\/www.kepfenyezo.hu\/blog\/wp-json\/wp\/v2\/media?parent=3542"}],"curies":[{"name":"wp","href":"https:\/\/api.w.org\/{rel}","templated":true}]}}