{"id":6,"date":"2008-01-19T12:40:06","date_gmt":"2008-01-19T11:40:06","guid":{"rendered":"http:\/\/www.kepfenyezo.hu\/blog\/kepfenyezo\/?page_id=6"},"modified":"2015-01-09T11:23:31","modified_gmt":"2015-01-09T10:23:31","slug":"kapcsolat","status":"publish","type":"page","link":"https:\/\/www.kepfenyezo.hu\/blog\/kapcsolat\/","title":{"rendered":"Kapcsolat"},"content":{"rendered":"<h4>E-mail:<\/h4>\n<p>K\u00e9pf\u00e9nyez\u0151 Fotogr\u00e1fia<br \/>\n<a href=\"mailto:eskuvo@kepfenyezo.hu\">eskuvo@kepfenyezo.hu<\/a><\/p>\n<h4>Telefon:<\/h4>\n<p>Mitcsenkov Attila<br \/>\n20\/461-2917<\/p>\n","protected":false},"excerpt":{"rendered":"<p>E-mail: K\u00e9pf\u00e9nyez\u0151 Fotogr\u00e1fia eskuvo@kepfenyezo.hu Telefon: Mitcsenkov Attila 20\/461-2917<\/p>\n","protected":false},"author":13,"featured_media":0,"parent":0,"menu_order":12,"comment_status":"open","ping_status":"closed","template":"","meta":{"_links_to":"","_links_to_target":""},"_links":{"self":[{"href":"https:\/\/www.kepfenyezo.hu\/blog\/wp-json\/wp\/v2\/pages\/6"}],"collection":[{"href":"https:\/\/www.kepfenyezo.hu\/blog\/wp-json\/wp\/v2\/pages"}],"about":[{"href":"https:\/\/www.kepfenyezo.hu\/blog\/wp-json\/wp\/v2\/types\/page"}],"author":[{"embeddable":true,"href":"https:\/\/www.kepfenyezo.hu\/blog\/wp-json\/wp\/v2\/users\/13"}],"replies":[{"embeddable":true,"href":"https:\/\/www.kepfenyezo.hu\/blog\/wp-json\/wp\/v2\/comments?post=6"}],"version-history":[{"count":13,"href":"https:\/\/www.kepfenyezo.hu\/blog\/wp-json\/wp\/v2\/pages\/6\/revisions"}],"predecessor-version":[{"id":10258,"href":"https:\/\/www.kepfenyezo.hu\/blog\/wp-json\/wp\/v2\/pages\/6\/revisions\/10258"}],"wp:attachment":[{"href":"https:\/\/www.kepfenyezo.hu\/blog\/wp-json\/wp\/v2\/media?parent=6"}],"curies":[{"name":"wp","href":"https:\/\/api.w.org\/{rel}","templated":true}]}}