{"id":1269,"date":"2016-08-14T15:57:50","date_gmt":"2016-08-14T15:57:50","guid":{"rendered":"https:\/\/www.kepfenyezo.hu\/eskuvo\/?page_id=1269"},"modified":"2017-05-09T10:21:25","modified_gmt":"2017-05-09T10:21:25","slug":"kapcsolat","status":"publish","type":"page","link":"https:\/\/www.kepfenyezo.hu\/eskuvo\/kapcsolat\/","title":{"rendered":"Kapcsolat"},"content":{"rendered":"<p>E-mail: <a href=\"mailto:eskuvo@kepfenyezo.hu\">eskuvo@kepfenyezo.hu<\/a><\/p>\n<p style=\"text-align: left;\">Telefon: +36 20 461 2917 [Mitcsenkov Attila]<\/p>\n<hr \/>\n<h3>\u00dczenetk\u00fcld\u00e9s &amp; Aj\u00e1nlatk\u00e9r\u00e9s:<\/h3>\n<div role=\"form\" class=\"wpcf7\" id=\"wpcf7-f1245-o1\" lang=\"hu-HU\" dir=\"ltr\">\n<div class=\"screen-reader-response\"><p role=\"status\" aria-live=\"polite\" aria-atomic=\"true\"><\/p> <ul><\/ul><\/div>\n<form action=\"\/eskuvo\/wp-json\/wp\/v2\/pages\/1269#wpcf7-f1245-o1\" method=\"post\" class=\"wpcf7-form init\" novalidate=\"novalidate\" data-status=\"init\">\n<div style=\"display: none;\">\n<input type=\"hidden\" name=\"_wpcf7\" value=\"1245\" \/>\n<input type=\"hidden\" name=\"_wpcf7_version\" value=\"5.6\" \/>\n<input type=\"hidden\" name=\"_wpcf7_locale\" value=\"hu_HU\" \/>\n<input type=\"hidden\" name=\"_wpcf7_unit_tag\" value=\"wpcf7-f1245-o1\" \/>\n<input type=\"hidden\" name=\"_wpcf7_container_post\" value=\"0\" \/>\n<input type=\"hidden\" name=\"_wpcf7_posted_data_hash\" value=\"\" \/>\n<\/div>\n<p>Nevem (k\u00f6telez\u0151)<br \/>\n    <span class=\"wpcf7-form-control-wrap\" data-name=\"nev1\"><input type=\"text\" name=\"nev1\" value=\"\" size=\"40\" class=\"wpcf7-form-control wpcf7-text wpcf7-validates-as-required\" aria-required=\"true\" aria-invalid=\"false\" \/><\/span> <\/p>\n<p>A p\u00e1rom neve: <br \/>\n    <span class=\"wpcf7-form-control-wrap\" data-name=\"nev2\"><input type=\"text\" name=\"nev2\" value=\"\" size=\"40\" class=\"wpcf7-form-control wpcf7-text wpcf7-validates-as-required\" aria-required=\"true\" aria-invalid=\"false\" \/><\/span> <\/p>\n<p>Esk\u00fcv\u0151nk helysz\u00edne: <br \/>\n    <span class=\"wpcf7-form-control-wrap\" data-name=\"helyszin\"><input type=\"text\" name=\"helyszin\" value=\"\" size=\"40\" class=\"wpcf7-form-control wpcf7-text wpcf7-validates-as-required\" aria-required=\"true\" aria-invalid=\"false\" \/><\/span> <\/p>\n<p>Esk\u00fcv\u0151nk id\u0151pontja: <br \/>\n    <span class=\"wpcf7-form-control-wrap\" data-name=\"datum\"><input type=\"date\" name=\"datum\" value=\"\" class=\"wpcf7-form-control wpcf7-date wpcf7-validates-as-required wpcf7-validates-as-date\" aria-required=\"true\" aria-invalid=\"false\" \/><\/span> <\/p>\n<p>Email c\u00edm (k\u00f6telez\u0151)<br \/>\n    <span class=\"wpcf7-form-control-wrap\" data-name=\"mailcim\"><input type=\"email\" name=\"mailcim\" value=\"\" size=\"40\" class=\"wpcf7-form-control wpcf7-text wpcf7-email wpcf7-validates-as-required wpcf7-validates-as-email\" aria-required=\"true\" aria-invalid=\"false\" \/><\/span> <\/p>\n<p>Itt hallottunk r\u00f3latok (esetleg tal\u00e1lkoztunk is):<br \/>\n    <span class=\"wpcf7-form-control-wrap\" data-name=\"ismeretseg\"><input type=\"text\" name=\"ismeretseg\" value=\"\" size=\"40\" class=\"wpcf7-form-control wpcf7-text\" aria-invalid=\"false\" \/><\/span> <\/p>\n<p>Mi fontos nektek igaz\u00e1n, mit szeretn\u00e9tek az esk\u00fcv\u0151i k\u00e9peitekben viszontl\u00e1tni?<br \/>\n    <span class=\"wpcf7-form-control-wrap\" data-name=\"fontos\"><input type=\"text\" name=\"fontos\" value=\"\" size=\"40\" class=\"wpcf7-form-control wpcf7-text\" aria-invalid=\"false\" \/><\/span> <\/p>\n<p>Mi\u00e9rt \u00e9ppen minket szeretn\u00e9tek az esk\u00fcv\u0151t\u00f6kre?<br \/>\n    <span class=\"wpcf7-form-control-wrap\" data-name=\"miert\"><input type=\"text\" name=\"miert\" value=\"\" size=\"40\" class=\"wpcf7-form-control wpcf7-text\" aria-invalid=\"false\" \/><\/span> <\/p>\n<p>\u00dczenet<br \/>\n    <span class=\"wpcf7-form-control-wrap\" data-name=\"your-message\"><textarea name=\"your-message\" cols=\"40\" rows=\"10\" class=\"wpcf7-form-control wpcf7-textarea\" aria-invalid=\"false\"><\/textarea><\/span> <\/p>\n<p><input type=\"submit\" value=\"Elk\u00fcld\" class=\"wpcf7-form-control has-spinner wpcf7-submit\" \/><\/p>\n<p style=\"display: none !important;\"><label>&#916;<textarea name=\"_wpcf7_ak_hp_textarea\" cols=\"45\" rows=\"8\" maxlength=\"100\"><\/textarea><\/label><input type=\"hidden\" id=\"ak_js_1\" name=\"_wpcf7_ak_js\" value=\"154\"\/><script>document.getElementById( \"ak_js_1\" ).setAttribute( \"value\", ( new Date() ).getTime() );<\/script><\/p><div class=\"wpcf7-response-output\" aria-hidden=\"true\"><\/div><\/form><\/div>\n<p>&nbsp;<\/p>\n","protected":false},"excerpt":{"rendered":"<p>E-mail: eskuvo@kepfenyezo.hu Telefon: +36 20 461 2917 [Mitcsenkov Attila] \u00dczenetk\u00fcld\u00e9s &amp; Aj\u00e1nlatk\u00e9r\u00e9s: &nbsp;<\/p>\n","protected":false},"author":9,"featured_media":0,"parent":0,"menu_order":42,"comment_status":"closed","ping_status":"closed","template":"","meta":{"footnotes":"","_links_to":"","_links_to_target":""},"class_list":["post-1269","page","type-page","status-publish","hentry"],"_links":{"self":[{"href":"https:\/\/www.kepfenyezo.hu\/eskuvo\/wp-json\/wp\/v2\/pages\/1269","targetHints":{"allow":["GET"]}}],"collection":[{"href":"https:\/\/www.kepfenyezo.hu\/eskuvo\/wp-json\/wp\/v2\/pages"}],"about":[{"href":"https:\/\/www.kepfenyezo.hu\/eskuvo\/wp-json\/wp\/v2\/types\/page"}],"author":[{"embeddable":true,"href":"https:\/\/www.kepfenyezo.hu\/eskuvo\/wp-json\/wp\/v2\/users\/9"}],"replies":[{"embeddable":true,"href":"https:\/\/www.kepfenyezo.hu\/eskuvo\/wp-json\/wp\/v2\/comments?post=1269"}],"version-history":[{"count":15,"href":"https:\/\/www.kepfenyezo.hu\/eskuvo\/wp-json\/wp\/v2\/pages\/1269\/revisions"}],"predecessor-version":[{"id":1300,"href":"https:\/\/www.kepfenyezo.hu\/eskuvo\/wp-json\/wp\/v2\/pages\/1269\/revisions\/1300"}],"wp:attachment":[{"href":"https:\/\/www.kepfenyezo.hu\/eskuvo\/wp-json\/wp\/v2\/media?parent=1269"}],"curies":[{"name":"wp","href":"https:\/\/api.w.org\/{rel}","templated":true}]}}