{"id":311,"date":"2011-11-04T13:53:36","date_gmt":"2011-11-04T13:53:36","guid":{"rendered":"http:\/\/www.kepfenyezo.hu\/eskuvo\/?page_id=311"},"modified":"2014-02-04T14:54:08","modified_gmt":"2014-02-04T14:54:08","slug":"albumok","status":"publish","type":"page","link":"https:\/\/www.kepfenyezo.hu\/eskuvo\/albumok\/","title":{"rendered":"Albumok"},"content":{"rendered":"<p style=\"text-align: center;\"><span style=\"font-size: small;\"><span class=\"Apple-style-span\" style=\"line-height: normal;\"><a href=\"https:\/\/www.kepfenyezo.hu\/eskuvo\/wp-content\/uploads\/2011\/11\/fotokonyv01.jpg\"><img loading=\"lazy\" decoding=\"async\" class=\"size-medium wp-image-313 aligncenter\" style=\"margin-top: 5px; margin-bottom: 5px;\" title=\"fotokonyv01\" alt=\"\" src=\"https:\/\/www.kepfenyezo.hu\/eskuvo\/wp-content\/uploads\/2011\/11\/fotokonyv01-199x300.jpg\" width=\"199\" height=\"300\" srcset=\"https:\/\/www.kepfenyezo.hu\/eskuvo\/wp-content\/uploads\/2011\/11\/fotokonyv01-199x300.jpg 199w, https:\/\/www.kepfenyezo.hu\/eskuvo\/wp-content\/uploads\/2011\/11\/fotokonyv01-333x500.jpg 333w, https:\/\/www.kepfenyezo.hu\/eskuvo\/wp-content\/uploads\/2011\/11\/fotokonyv01.jpg 433w\" sizes=\"auto, (max-width: 199px) 100vw, 199px\" \/><\/a><br \/>\n<\/span><\/span><\/p>\n<p>Helyesebb volna tal\u00e1n a &#8220;fot\u00f3k\u00f6nyv&#8221; megnevez\u00e9st haszn\u00e1lni&#8230; \u00e9s sokan itthon a &#8220;Fine Art Album&#8221; elnevez\u00e9ssel is dob\u00e1l\u00f3znak, de ez ut\u00f3bbit ker\u00fcln\u00e9m. Csak az\u00e9rt, mert valami viszonylag ig\u00e9nyesen, sz\u00e9pen van kinyomtatva \u00e9s k\u00f6nyvv\u00e9 k\u00f6tve, m\u00e9g nem lesz &#8220;Fine Art&#8221;. Az valahol Claude Monet-n\u00e1l kezd\u0151dik&#8230; :)<\/p>\n<p>A fot\u00f3k\u00f6nyv n\u00e1lunk egy olyan k\u00f6nyvet jelent, amelynek az oldalai fot\u00f3elj\u00e1r\u00e1ssal k\u00e9sz\u00fclnek (fot\u00f3pap\u00edrra, ennek megfelel\u0151 min\u0151s\u00e9gben \u00e9s sz\u00ednekkel), kartonlapra vannak kas\u00edrozva (ez\u00e1ltal merev, nem hajl\u00e9kony), \u00e9s olyan m\u00f3don k\u00f6tve, hogy minden oldalp\u00e1r teljesen s\u00edkba nyithat\u00f3 legyen (\u00edgy a k\u00e9t oldalon \u00e1tfut\u00f3 k\u00e9pek k\u00f6zepe nem v\u00e9sz el a behajt\u00e1s miatt):<\/p>\n<p style=\"text-align: left;\"><a href=\"https:\/\/www.kepfenyezo.hu\/eskuvo\/wp-content\/uploads\/2011\/11\/fotokonyv21.jpg\"><img loading=\"lazy\" decoding=\"async\" class=\"aligncenter size-large wp-image-333\" style=\"margin-top: 10px; margin-bottom: 10px;\" title=\"fotokonyv21\" alt=\"\" src=\"https:\/\/www.kepfenyezo.hu\/eskuvo\/wp-content\/uploads\/2011\/11\/fotokonyv21-750x497.jpg\" width=\"750\" height=\"497\" srcset=\"https:\/\/www.kepfenyezo.hu\/eskuvo\/wp-content\/uploads\/2011\/11\/fotokonyv21-750x497.jpg 750w, https:\/\/www.kepfenyezo.hu\/eskuvo\/wp-content\/uploads\/2011\/11\/fotokonyv21-300x199.jpg 300w, https:\/\/www.kepfenyezo.hu\/eskuvo\/wp-content\/uploads\/2011\/11\/fotokonyv21.jpg 979w\" sizes=\"auto, (max-width: 750px) 100vw, 750px\" \/><\/a><a href=\"https:\/\/www.kepfenyezo.hu\/eskuvo\/wp-content\/uploads\/2011\/11\/fotokonyv10.jpg\"><img loading=\"lazy\" decoding=\"async\" class=\"aligncenter size-large wp-image-322\" style=\"margin-top: 10px; margin-bottom: 10px;\" title=\"fotokonyv10\" alt=\"\" src=\"https:\/\/www.kepfenyezo.hu\/eskuvo\/wp-content\/uploads\/2011\/11\/fotokonyv10-750x445.jpg\" width=\"750\" height=\"445\" srcset=\"https:\/\/www.kepfenyezo.hu\/eskuvo\/wp-content\/uploads\/2011\/11\/fotokonyv10-750x445.jpg 750w, https:\/\/www.kepfenyezo.hu\/eskuvo\/wp-content\/uploads\/2011\/11\/fotokonyv10-300x178.jpg 300w, https:\/\/www.kepfenyezo.hu\/eskuvo\/wp-content\/uploads\/2011\/11\/fotokonyv10.jpg 1095w\" sizes=\"auto, (max-width: 750px) 100vw, 750px\" \/><\/a>Sok\u00e1ig keresg\u00e9lt\u00fcnk olyan albumk\u00e9sz\u00edt\u0151 c\u00e9get, nyomd\u00e1t, k\u00f6nyvk\u00f6t\u0151t, aki k\u00e9pes j\u00f3 min\u0151s\u00e9g\u0171, tart\u00f3s fot\u00f3k\u00f6nyveket k\u00e9sz\u00edteni&#8230; hosszasan k\u00fczd\u00f6tt\u00fcnk az egyetlen igaz\u00e1n nagy hazai gy\u00e1rt\u00f3val, \u00e9s 2 \u00e9v harc ut\u00e1n feladtuk. Az\u00f3ta a nyomdatechnika \u00e9s a k\u00f6t\u00e9s sajnos k\u00fclf\u00f6ldi munka, de legal\u00e1bb sz\u00e9p, pontos \u00e9s megb\u00edzhat\u00f3. \u00c9s t\u00fcrelmetlen\u00fcl v\u00e1rjuk az els\u0151 olyan hazai m\u0171helyt, amelyik a min\u0151s\u00e9get v\u00e1lasztja a t\u00f6megtermel\u00e9s helyett &#8211; szeretn\u00e9nk hazahozni mindent, amit lehet.<\/p>\n<p style=\"text-align: left;\">Ebb\u0151l persze ti most csak annyit l\u00e1ttok, hogy a k\u00f6nyvek prec\u00edz k\u00e9zimunk\u00e1val k\u00e9sz\u00fclnek, sz\u00e9pen lekerek\u00edtett sarkokkal, gondosan megvarrt bor\u00edt\u00f3val, id\u0151t\u00e1ll\u00f3, &#8220;mozg\u00f3&#8221; k\u00f6t\u00e9ssel, valahogy \u00edgy:<\/p>\n<p style=\"text-align: left;\"><a href=\"https:\/\/www.kepfenyezo.hu\/eskuvo\/wp-content\/uploads\/2011\/11\/fotokonyv02.jpg\"><img loading=\"lazy\" decoding=\"async\" class=\"aligncenter size-large wp-image-314\" style=\"margin-top: 10px; margin-bottom: 10px;\" title=\"fotokonyv02\" alt=\"\" src=\"https:\/\/www.kepfenyezo.hu\/eskuvo\/wp-content\/uploads\/2011\/11\/fotokonyv02-750x500.jpg\" width=\"750\" height=\"500\" srcset=\"https:\/\/www.kepfenyezo.hu\/eskuvo\/wp-content\/uploads\/2011\/11\/fotokonyv02-750x500.jpg 750w, https:\/\/www.kepfenyezo.hu\/eskuvo\/wp-content\/uploads\/2011\/11\/fotokonyv02-300x200.jpg 300w, https:\/\/www.kepfenyezo.hu\/eskuvo\/wp-content\/uploads\/2011\/11\/fotokonyv02.jpg 975w\" sizes=\"auto, (max-width: 750px) 100vw, 750px\" \/><\/a><a href=\"https:\/\/www.kepfenyezo.hu\/eskuvo\/wp-content\/uploads\/2011\/11\/fotokonyv12.jpg\"><img loading=\"lazy\" decoding=\"async\" class=\"aligncenter size-large wp-image-324\" style=\"margin-top: 10px; margin-bottom: 10px;\" title=\"fotokonyv12\" alt=\"\" src=\"https:\/\/www.kepfenyezo.hu\/eskuvo\/wp-content\/uploads\/2011\/11\/fotokonyv12-750x497.jpg\" width=\"750\" height=\"497\" srcset=\"https:\/\/www.kepfenyezo.hu\/eskuvo\/wp-content\/uploads\/2011\/11\/fotokonyv12-750x497.jpg 750w, https:\/\/www.kepfenyezo.hu\/eskuvo\/wp-content\/uploads\/2011\/11\/fotokonyv12-300x199.jpg 300w, https:\/\/www.kepfenyezo.hu\/eskuvo\/wp-content\/uploads\/2011\/11\/fotokonyv12.jpg 979w\" sizes=\"auto, (max-width: 750px) 100vw, 750px\" \/><\/a>Sz\u00edv\u00fcnk szerint minden esk\u00fcv\u0151t egy ilyen k\u00f6nyvvel z\u00e1rn\u00e1nk, hogy a k\u00e9pek k\u00e9zzel foghat\u00f3 eml\u00e9kk\u00e9 v\u00e1ljanak, amit le lehet emelni a polcr\u00f3l egy hideg t\u00e9li est\u00e9n a l\u00e1mpaf\u00e9ny mellett, vagy egy meleg ny\u00e1ri est\u00e9n egy poh\u00e1r bor k\u00eds\u00e9ret\u00e9ben&#8230; :) De nem er\u0151ltetj\u00fck r\u00e1 senkire, nem &#8220;k\u00f6telez\u0151 tartoz\u00e9k&#8221;. Az esk\u00fcv\u0151i k\u00e9panyag elk\u00e9sz\u00fclte, \u00e1tad\u00e1sa ut\u00e1n fogjuk el\u00e9tek t\u00e1rni a lehet\u0151s\u00e9geket, \u00e9s hagyunk titeket gondolkozni. B\u00edzunk benne, hogy a k\u00e9peinket l\u00e1tva ti is fot\u00f3k\u00f6nyvbe szeretn\u00e9tek \u0151ket rendezni. :)<\/p>\n<p style=\"text-align: left;\">Az albumtervez\u00e9s maga el\u00e9g id\u0151ig\u00e9nyes m\u0171velet. Fejben \u00f6ssze kell \u00e1ll\u00edtani a &#8220;forgat\u00f3k\u00f6nyvet&#8221;, eld\u00f6nteni, hogy mely esem\u00e9nyek hogyan jelenjenek meg, \u00e9s megkeresni a legfontosabb momentumokat &#8211; ebbe term\u00e9szetesen titeket is bevonunk. Ut\u00e1na k\u00e9peket v\u00e1logatunk: olyanokat, amelyek egym\u00e1st er\u0151s\u00edtik egy oldalon, \u00e9s egy\u00fctt mutatj\u00e1k meg, sokszor t\u00f6bbf\u00e9le szemsz\u00f6gb\u0151l azt, ami a legfontosabb volt. Itt, a K\u00e9pf\u00e9nyez\u0151 csapat\u00e1ban az\u00e9rt is dolgozunk minden esk\u00fcv\u0151n p\u00e1rban, hogy ezt megtehess\u00fck&#8230; \u00e9s t\u00f6bbf\u00e9le szemsz\u00f6gb\u0151l egyszerre mes\u00e9lhess\u00fcnk.<\/p>\n<p style=\"text-align: left;\"><a href=\"https:\/\/www.kepfenyezo.hu\/eskuvo\/wp-content\/uploads\/2011\/11\/fotokonyv17.jpg\"><img loading=\"lazy\" decoding=\"async\" class=\"aligncenter size-large wp-image-329\" style=\"margin-top: 10px; margin-bottom: 10px;\" title=\"fotokonyv17\" alt=\"\" src=\"https:\/\/www.kepfenyezo.hu\/eskuvo\/wp-content\/uploads\/2011\/11\/fotokonyv17-750x497.jpg\" width=\"750\" height=\"497\" srcset=\"https:\/\/www.kepfenyezo.hu\/eskuvo\/wp-content\/uploads\/2011\/11\/fotokonyv17-750x497.jpg 750w, https:\/\/www.kepfenyezo.hu\/eskuvo\/wp-content\/uploads\/2011\/11\/fotokonyv17-300x199.jpg 300w, https:\/\/www.kepfenyezo.hu\/eskuvo\/wp-content\/uploads\/2011\/11\/fotokonyv17.jpg 979w\" sizes=\"auto, (max-width: 750px) 100vw, 750px\" \/><\/a><a href=\"https:\/\/www.kepfenyezo.hu\/eskuvo\/wp-content\/uploads\/2011\/11\/fotokonyv18.jpg\"><img loading=\"lazy\" decoding=\"async\" class=\"aligncenter size-large wp-image-330\" style=\"margin-top: 10px; margin-bottom: 10px;\" title=\"fotokonyv18\" alt=\"\" src=\"https:\/\/www.kepfenyezo.hu\/eskuvo\/wp-content\/uploads\/2011\/11\/fotokonyv18-750x497.jpg\" width=\"750\" height=\"497\" srcset=\"https:\/\/www.kepfenyezo.hu\/eskuvo\/wp-content\/uploads\/2011\/11\/fotokonyv18-750x497.jpg 750w, https:\/\/www.kepfenyezo.hu\/eskuvo\/wp-content\/uploads\/2011\/11\/fotokonyv18-300x199.jpg 300w, https:\/\/www.kepfenyezo.hu\/eskuvo\/wp-content\/uploads\/2011\/11\/fotokonyv18.jpg 979w\" sizes=\"auto, (max-width: 750px) 100vw, 750px\" \/><\/a>A c\u00e9l, hogy egy-egy oldalra r\u00e1n\u00e9zve az eg\u00e9szk\u00e9nt is &#8220;m\u0171k\u00f6dj\u00f6n&#8221;, ne csup\u00e1n egym\u00e1s mell\u00e9 ragasztott k\u00e9pek sokas\u00e1g\u00e1t jelentse. A fot\u00f3k\u00f6nyv technika e t\u00e9ren nagy szabads\u00e1got ad: nem kell szabv\u00e1nyos m\u00e9ret\u0171 pap\u00edrk\u00e9pek ragasztgat\u00e1s\u00e1nak megfelel\u0151en gondolkozni, hanem a lapok teljes fel\u00fclete kihaszn\u00e1lhat\u00f3 &#8211; ez sokkal szabadabb kompoz\u00edci\u00f3kat enged meg.<\/p>\n<p style=\"text-align: left;\">Az \u0151sz az albumtervez\u00e9s id\u0151szaka, az esk\u00fcv\u0151k elm\u00falt\u00e1val, miut\u00e1n hagytuk a k\u00e9panyagokat is &#8220;\u00e9rlel\u0151dni&#8221; picit. Ilyenkor nekil\u00e1tunk k\u00e9peket rendezgetni, \u00e9s okt\u00f3ber-november folyam\u00e1n elk\u00e9sz\u00fclnek az albumtervek, hogy Kar\u00e1csonyra mindenki a kez\u00e9be kaphassa az albumot.<\/p>\n<div id='gallery-1' class='gallery galleryid-311 gallery-columns-3 gallery-size-thumbnail'><figure class='gallery-item'>\n\t\t\t<div class='gallery-icon portrait'>\n\t\t\t\t<a href='https:\/\/www.kepfenyezo.hu\/eskuvo\/wp-content\/uploads\/2011\/11\/fotokonyv01.jpg'><img loading=\"lazy\" decoding=\"async\" width=\"150\" height=\"150\" src=\"https:\/\/www.kepfenyezo.hu\/eskuvo\/wp-content\/uploads\/2011\/11\/fotokonyv01-150x150.jpg\" class=\"attachment-thumbnail size-thumbnail\" alt=\"\" \/><\/a>\n\t\t\t<\/div><\/figure><figure class='gallery-item'>\n\t\t\t<div class='gallery-icon landscape'>\n\t\t\t\t<a href='https:\/\/www.kepfenyezo.hu\/eskuvo\/wp-content\/uploads\/2011\/11\/fotokonyv02.jpg'><img loading=\"lazy\" decoding=\"async\" width=\"150\" height=\"150\" src=\"https:\/\/www.kepfenyezo.hu\/eskuvo\/wp-content\/uploads\/2011\/11\/fotokonyv02-150x150.jpg\" class=\"attachment-thumbnail size-thumbnail\" alt=\"\" \/><\/a>\n\t\t\t<\/div><\/figure><figure class='gallery-item'>\n\t\t\t<div class='gallery-icon portrait'>\n\t\t\t\t<a href='https:\/\/www.kepfenyezo.hu\/eskuvo\/wp-content\/uploads\/2011\/11\/fotokonyv03.jpg'><img loading=\"lazy\" decoding=\"async\" width=\"150\" height=\"150\" src=\"https:\/\/www.kepfenyezo.hu\/eskuvo\/wp-content\/uploads\/2011\/11\/fotokonyv03-150x150.jpg\" class=\"attachment-thumbnail size-thumbnail\" alt=\"\" \/><\/a>\n\t\t\t<\/div><\/figure><figure class='gallery-item'>\n\t\t\t<div class='gallery-icon portrait'>\n\t\t\t\t<a href='https:\/\/www.kepfenyezo.hu\/eskuvo\/wp-content\/uploads\/2011\/11\/fotokonyv04.jpg'><img loading=\"lazy\" decoding=\"async\" width=\"150\" height=\"150\" src=\"https:\/\/www.kepfenyezo.hu\/eskuvo\/wp-content\/uploads\/2011\/11\/fotokonyv04-150x150.jpg\" class=\"attachment-thumbnail size-thumbnail\" alt=\"\" \/><\/a>\n\t\t\t<\/div><\/figure><figure class='gallery-item'>\n\t\t\t<div class='gallery-icon landscape'>\n\t\t\t\t<a href='https:\/\/www.kepfenyezo.hu\/eskuvo\/wp-content\/uploads\/2011\/11\/fotokonyv05.jpg'><img loading=\"lazy\" decoding=\"async\" width=\"150\" height=\"150\" src=\"https:\/\/www.kepfenyezo.hu\/eskuvo\/wp-content\/uploads\/2011\/11\/fotokonyv05-150x150.jpg\" class=\"attachment-thumbnail size-thumbnail\" alt=\"\" \/><\/a>\n\t\t\t<\/div><\/figure><figure class='gallery-item'>\n\t\t\t<div class='gallery-icon landscape'>\n\t\t\t\t<a href='https:\/\/www.kepfenyezo.hu\/eskuvo\/wp-content\/uploads\/2011\/11\/fotokonyv06.jpg'><img loading=\"lazy\" decoding=\"async\" width=\"150\" height=\"150\" src=\"https:\/\/www.kepfenyezo.hu\/eskuvo\/wp-content\/uploads\/2011\/11\/fotokonyv06-150x150.jpg\" class=\"attachment-thumbnail size-thumbnail\" alt=\"\" \/><\/a>\n\t\t\t<\/div><\/figure><figure class='gallery-item'>\n\t\t\t<div class='gallery-icon landscape'>\n\t\t\t\t<a href='https:\/\/www.kepfenyezo.hu\/eskuvo\/wp-content\/uploads\/2011\/11\/fotokonyv07.jpg'><img loading=\"lazy\" decoding=\"async\" width=\"150\" height=\"150\" src=\"https:\/\/www.kepfenyezo.hu\/eskuvo\/wp-content\/uploads\/2011\/11\/fotokonyv07-150x150.jpg\" class=\"attachment-thumbnail size-thumbnail\" alt=\"\" \/><\/a>\n\t\t\t<\/div><\/figure><figure class='gallery-item'>\n\t\t\t<div class='gallery-icon landscape'>\n\t\t\t\t<a href='https:\/\/www.kepfenyezo.hu\/eskuvo\/wp-content\/uploads\/2011\/11\/fotokonyv08.jpg'><img loading=\"lazy\" decoding=\"async\" width=\"150\" height=\"150\" src=\"https:\/\/www.kepfenyezo.hu\/eskuvo\/wp-content\/uploads\/2011\/11\/fotokonyv08-150x150.jpg\" class=\"attachment-thumbnail size-thumbnail\" alt=\"\" \/><\/a>\n\t\t\t<\/div><\/figure><figure class='gallery-item'>\n\t\t\t<div class='gallery-icon landscape'>\n\t\t\t\t<a href='https:\/\/www.kepfenyezo.hu\/eskuvo\/wp-content\/uploads\/2011\/11\/fotokonyv09.jpg'><img loading=\"lazy\" decoding=\"async\" width=\"150\" height=\"150\" src=\"https:\/\/www.kepfenyezo.hu\/eskuvo\/wp-content\/uploads\/2011\/11\/fotokonyv09-150x150.jpg\" class=\"attachment-thumbnail size-thumbnail\" alt=\"\" \/><\/a>\n\t\t\t<\/div><\/figure><figure class='gallery-item'>\n\t\t\t<div class='gallery-icon landscape'>\n\t\t\t\t<a href='https:\/\/www.kepfenyezo.hu\/eskuvo\/wp-content\/uploads\/2011\/11\/fotokonyv10.jpg'><img loading=\"lazy\" decoding=\"async\" width=\"150\" height=\"150\" src=\"https:\/\/www.kepfenyezo.hu\/eskuvo\/wp-content\/uploads\/2011\/11\/fotokonyv10-150x150.jpg\" class=\"attachment-thumbnail size-thumbnail\" alt=\"\" \/><\/a>\n\t\t\t<\/div><\/figure><figure class='gallery-item'>\n\t\t\t<div class='gallery-icon landscape'>\n\t\t\t\t<a href='https:\/\/www.kepfenyezo.hu\/eskuvo\/wp-content\/uploads\/2011\/11\/fotokonyv11.jpg'><img loading=\"lazy\" decoding=\"async\" width=\"150\" height=\"150\" src=\"https:\/\/www.kepfenyezo.hu\/eskuvo\/wp-content\/uploads\/2011\/11\/fotokonyv11-150x150.jpg\" class=\"attachment-thumbnail size-thumbnail\" alt=\"\" \/><\/a>\n\t\t\t<\/div><\/figure><figure class='gallery-item'>\n\t\t\t<div class='gallery-icon landscape'>\n\t\t\t\t<a href='https:\/\/www.kepfenyezo.hu\/eskuvo\/wp-content\/uploads\/2011\/11\/fotokonyv12.jpg'><img loading=\"lazy\" decoding=\"async\" width=\"150\" height=\"150\" src=\"https:\/\/www.kepfenyezo.hu\/eskuvo\/wp-content\/uploads\/2011\/11\/fotokonyv12-150x150.jpg\" class=\"attachment-thumbnail size-thumbnail\" alt=\"\" \/><\/a>\n\t\t\t<\/div><\/figure><figure class='gallery-item'>\n\t\t\t<div class='gallery-icon landscape'>\n\t\t\t\t<a href='https:\/\/www.kepfenyezo.hu\/eskuvo\/wp-content\/uploads\/2011\/11\/fotokonyv13.jpg'><img loading=\"lazy\" decoding=\"async\" width=\"150\" height=\"150\" src=\"https:\/\/www.kepfenyezo.hu\/eskuvo\/wp-content\/uploads\/2011\/11\/fotokonyv13-150x150.jpg\" class=\"attachment-thumbnail size-thumbnail\" alt=\"\" \/><\/a>\n\t\t\t<\/div><\/figure><figure class='gallery-item'>\n\t\t\t<div class='gallery-icon landscape'>\n\t\t\t\t<a href='https:\/\/www.kepfenyezo.hu\/eskuvo\/wp-content\/uploads\/2011\/11\/fotokonyv14.jpg'><img loading=\"lazy\" decoding=\"async\" width=\"150\" height=\"150\" src=\"https:\/\/www.kepfenyezo.hu\/eskuvo\/wp-content\/uploads\/2011\/11\/fotokonyv14-150x150.jpg\" class=\"attachment-thumbnail size-thumbnail\" alt=\"\" \/><\/a>\n\t\t\t<\/div><\/figure><figure class='gallery-item'>\n\t\t\t<div class='gallery-icon portrait'>\n\t\t\t\t<a href='https:\/\/www.kepfenyezo.hu\/eskuvo\/wp-content\/uploads\/2011\/11\/fotokonyv15.jpg'><img loading=\"lazy\" decoding=\"async\" width=\"150\" height=\"150\" src=\"https:\/\/www.kepfenyezo.hu\/eskuvo\/wp-content\/uploads\/2011\/11\/fotokonyv15-150x150.jpg\" class=\"attachment-thumbnail size-thumbnail\" alt=\"\" \/><\/a>\n\t\t\t<\/div><\/figure><figure class='gallery-item'>\n\t\t\t<div class='gallery-icon landscape'>\n\t\t\t\t<a href='https:\/\/www.kepfenyezo.hu\/eskuvo\/wp-content\/uploads\/2011\/11\/fotokonyv16.jpg'><img loading=\"lazy\" decoding=\"async\" width=\"150\" height=\"150\" src=\"https:\/\/www.kepfenyezo.hu\/eskuvo\/wp-content\/uploads\/2011\/11\/fotokonyv16-150x150.jpg\" class=\"attachment-thumbnail size-thumbnail\" alt=\"\" \/><\/a>\n\t\t\t<\/div><\/figure><figure class='gallery-item'>\n\t\t\t<div class='gallery-icon landscape'>\n\t\t\t\t<a href='https:\/\/www.kepfenyezo.hu\/eskuvo\/wp-content\/uploads\/2011\/11\/fotokonyv17.jpg'><img loading=\"lazy\" decoding=\"async\" width=\"150\" height=\"150\" src=\"https:\/\/www.kepfenyezo.hu\/eskuvo\/wp-content\/uploads\/2011\/11\/fotokonyv17-150x150.jpg\" class=\"attachment-thumbnail size-thumbnail\" alt=\"\" \/><\/a>\n\t\t\t<\/div><\/figure><figure class='gallery-item'>\n\t\t\t<div class='gallery-icon landscape'>\n\t\t\t\t<a href='https:\/\/www.kepfenyezo.hu\/eskuvo\/wp-content\/uploads\/2011\/11\/fotokonyv18.jpg'><img loading=\"lazy\" decoding=\"async\" width=\"150\" height=\"150\" src=\"https:\/\/www.kepfenyezo.hu\/eskuvo\/wp-content\/uploads\/2011\/11\/fotokonyv18-150x150.jpg\" class=\"attachment-thumbnail size-thumbnail\" alt=\"\" \/><\/a>\n\t\t\t<\/div><\/figure><figure class='gallery-item'>\n\t\t\t<div class='gallery-icon landscape'>\n\t\t\t\t<a href='https:\/\/www.kepfenyezo.hu\/eskuvo\/wp-content\/uploads\/2011\/11\/fotokonyv19.jpg'><img loading=\"lazy\" decoding=\"async\" width=\"150\" height=\"150\" src=\"https:\/\/www.kepfenyezo.hu\/eskuvo\/wp-content\/uploads\/2011\/11\/fotokonyv19-150x150.jpg\" class=\"attachment-thumbnail size-thumbnail\" alt=\"\" \/><\/a>\n\t\t\t<\/div><\/figure><figure class='gallery-item'>\n\t\t\t<div class='gallery-icon landscape'>\n\t\t\t\t<a href='https:\/\/www.kepfenyezo.hu\/eskuvo\/wp-content\/uploads\/2011\/11\/fotokonyv20.jpg'><img loading=\"lazy\" decoding=\"async\" width=\"150\" height=\"150\" src=\"https:\/\/www.kepfenyezo.hu\/eskuvo\/wp-content\/uploads\/2011\/11\/fotokonyv20-150x150.jpg\" class=\"attachment-thumbnail size-thumbnail\" alt=\"\" \/><\/a>\n\t\t\t<\/div><\/figure><figure class='gallery-item'>\n\t\t\t<div class='gallery-icon landscape'>\n\t\t\t\t<a href='https:\/\/www.kepfenyezo.hu\/eskuvo\/wp-content\/uploads\/2011\/11\/fotokonyv21.jpg'><img loading=\"lazy\" decoding=\"async\" width=\"150\" height=\"150\" src=\"https:\/\/www.kepfenyezo.hu\/eskuvo\/wp-content\/uploads\/2011\/11\/fotokonyv21-150x150.jpg\" class=\"attachment-thumbnail size-thumbnail\" alt=\"\" \/><\/a>\n\t\t\t<\/div><\/figure><figure class='gallery-item'>\n\t\t\t<div class='gallery-icon landscape'>\n\t\t\t\t<a href='https:\/\/www.kepfenyezo.hu\/eskuvo\/wp-content\/uploads\/2011\/11\/fotokonyv22.jpg'><img loading=\"lazy\" decoding=\"async\" width=\"150\" height=\"150\" src=\"https:\/\/www.kepfenyezo.hu\/eskuvo\/wp-content\/uploads\/2011\/11\/fotokonyv22-150x150.jpg\" class=\"attachment-thumbnail size-thumbnail\" alt=\"\" \/><\/a>\n\t\t\t<\/div><\/figure><figure class='gallery-item'>\n\t\t\t<div class='gallery-icon landscape'>\n\t\t\t\t<a href='https:\/\/www.kepfenyezo.hu\/eskuvo\/wp-content\/uploads\/2011\/11\/fotokonyv23.jpg'><img loading=\"lazy\" decoding=\"async\" width=\"150\" height=\"150\" src=\"https:\/\/www.kepfenyezo.hu\/eskuvo\/wp-content\/uploads\/2011\/11\/fotokonyv23-150x150.jpg\" class=\"attachment-thumbnail size-thumbnail\" alt=\"\" \/><\/a>\n\t\t\t<\/div><\/figure><figure class='gallery-item'>\n\t\t\t<div class='gallery-icon portrait'>\n\t\t\t\t<a href='https:\/\/www.kepfenyezo.hu\/eskuvo\/wp-content\/uploads\/2011\/11\/fotokonyv24.jpg'><img loading=\"lazy\" decoding=\"async\" width=\"150\" height=\"150\" src=\"https:\/\/www.kepfenyezo.hu\/eskuvo\/wp-content\/uploads\/2011\/11\/fotokonyv24-150x150.jpg\" class=\"attachment-thumbnail size-thumbnail\" alt=\"\" \/><\/a>\n\t\t\t<\/div><\/figure><figure class='gallery-item'>\n\t\t\t<div class='gallery-icon landscape'>\n\t\t\t\t<a href='https:\/\/www.kepfenyezo.hu\/eskuvo\/wp-content\/uploads\/2011\/11\/fotokonyv25.jpg'><img loading=\"lazy\" decoding=\"async\" width=\"150\" height=\"150\" src=\"https:\/\/www.kepfenyezo.hu\/eskuvo\/wp-content\/uploads\/2011\/11\/fotokonyv25-150x150.jpg\" class=\"attachment-thumbnail size-thumbnail\" alt=\"\" \/><\/a>\n\t\t\t<\/div><\/figure><figure class='gallery-item'>\n\t\t\t<div class='gallery-icon landscape'>\n\t\t\t\t<a href='https:\/\/www.kepfenyezo.hu\/eskuvo\/wp-content\/uploads\/2011\/11\/fotokonyv26.jpg'><img loading=\"lazy\" decoding=\"async\" width=\"150\" height=\"150\" src=\"https:\/\/www.kepfenyezo.hu\/eskuvo\/wp-content\/uploads\/2011\/11\/fotokonyv26-150x150.jpg\" class=\"attachment-thumbnail size-thumbnail\" alt=\"\" \/><\/a>\n\t\t\t<\/div><\/figure><figure class='gallery-item'>\n\t\t\t<div class='gallery-icon landscape'>\n\t\t\t\t<a href='https:\/\/www.kepfenyezo.hu\/eskuvo\/wp-content\/uploads\/2011\/11\/fotokonyv27.jpg'><img loading=\"lazy\" decoding=\"async\" width=\"150\" height=\"150\" src=\"https:\/\/www.kepfenyezo.hu\/eskuvo\/wp-content\/uploads\/2011\/11\/fotokonyv27-150x150.jpg\" class=\"attachment-thumbnail size-thumbnail\" alt=\"\" \/><\/a>\n\t\t\t<\/div><\/figure><figure class='gallery-item'>\n\t\t\t<div class='gallery-icon landscape'>\n\t\t\t\t<a href='https:\/\/www.kepfenyezo.hu\/eskuvo\/wp-content\/uploads\/2011\/11\/fotokonyv28.jpg'><img loading=\"lazy\" decoding=\"async\" width=\"150\" height=\"150\" src=\"https:\/\/www.kepfenyezo.hu\/eskuvo\/wp-content\/uploads\/2011\/11\/fotokonyv28-150x150.jpg\" class=\"attachment-thumbnail size-thumbnail\" alt=\"\" \/><\/a>\n\t\t\t<\/div><\/figure>\n\t\t<\/div>\n\n","protected":false},"excerpt":{"rendered":"<p>Helyesebb volna tal\u00e1n a &#8220;fot\u00f3k\u00f6nyv&#8221; megnevez\u00e9st haszn\u00e1lni&#8230; \u00e9s sokan itthon a &#8220;Fine Art Album&#8221; elnevez\u00e9ssel is dob\u00e1l\u00f3znak, de ez ut\u00f3bbit ker\u00fcln\u00e9m. Csak az\u00e9rt, mert &hellip; <a href=\"https:\/\/www.kepfenyezo.hu\/eskuvo\/albumok\/\" class=\"readmore\">More <span class=\"screen-reader-text\">Albumok<\/span> &raquo;<\/a><\/p>\n","protected":false},"author":9,"featured_media":0,"parent":0,"menu_order":26,"comment_status":"open","ping_status":"open","template":"","meta":{"footnotes":"","_links_to":"","_links_to_target":""},"class_list":["post-311","page","type-page","status-publish","hentry"],"_links":{"self":[{"href":"https:\/\/www.kepfenyezo.hu\/eskuvo\/wp-json\/wp\/v2\/pages\/311","targetHints":{"allow":["GET"]}}],"collection":[{"href":"https:\/\/www.kepfenyezo.hu\/eskuvo\/wp-json\/wp\/v2\/pages"}],"about":[{"href":"https:\/\/www.kepfenyezo.hu\/eskuvo\/wp-json\/wp\/v2\/types\/page"}],"author":[{"embeddable":true,"href":"https:\/\/www.kepfenyezo.hu\/eskuvo\/wp-json\/wp\/v2\/users\/9"}],"replies":[{"embeddable":true,"href":"https:\/\/www.kepfenyezo.hu\/eskuvo\/wp-json\/wp\/v2\/comments?post=311"}],"version-history":[{"count":22,"href":"https:\/\/www.kepfenyezo.hu\/eskuvo\/wp-json\/wp\/v2\/pages\/311\/revisions"}],"predecessor-version":[{"id":594,"href":"https:\/\/www.kepfenyezo.hu\/eskuvo\/wp-json\/wp\/v2\/pages\/311\/revisions\/594"}],"wp:attachment":[{"href":"https:\/\/www.kepfenyezo.hu\/eskuvo\/wp-json\/wp\/v2\/media?parent=311"}],"curies":[{"name":"wp","href":"https:\/\/api.w.org\/{rel}","templated":true}]}}