{"id":7,"date":"2011-01-11T17:52:05","date_gmt":"2011-01-11T17:52:05","guid":{"rendered":"http:\/\/www.kepfenyezo.hu\/eskuvo\/"},"modified":"2016-02-03T15:31:46","modified_gmt":"2016-02-03T15:31:46","slug":"kepek","status":"publish","type":"page","link":"https:\/\/www.kepfenyezo.hu\/eskuvo\/kepek\/","title":{"rendered":"Portf\u00f3li\u00f3"},"content":{"rendered":"<p>Tavaly megk\u00e9rdezt\u00fck az egyik leend\u0151 menyasszonyunkat, hogy mi\u00e9rt \u00e9ppen minket h\u00edvtak az esk\u00fcv\u0151j\u00fckre &#8211; hiszen olyan sok tehets\u00e9ges fot\u00f3s van itthon.\u00a0N\u00e9mi gondolkod\u00e1s ut\u00e1n annyit v\u00e1laszolt: n\u00e9zegette a k\u00e9peinket, \u00e9s \u00fagy \u00e9rezte, hogy <em>sz\u00edvesen szerepelne rajtuk<\/em>. K\u00f6sz\u00f6n\u00f6m neki, mert n\u00e9h\u00e1ny egyszer\u0171 sz\u00f3val megfogalmazta azt, amit nek\u00fcnk nem siker\u00fclt &#8211; igaz\u00e1b\u00f3l ez a l\u00e9nyeg, erre t\u00f6reksz\u00fcnk \u00e9vek \u00f3ta: olyan fot\u00f3kat szeretn\u00e9nk k\u00e9sz\u00edteni, amin j\u00f3 rajta lenni. Ebben benne van a sz\u00e9ps\u00e9g, a l\u00e1tv\u00e1ny, az \u00e9rzelmek, a term\u00e9szetess\u00e9g, de m\u00e9g t\u00f6bb is ezekn\u00e9l. H\u00e1l\u00e1sak vagyunk Istennek, ha siker\u00fcl. :)<\/p>\n<blockquote><p>&#8220;You&#8217;re only as good as your last picture&#8221;<\/p><\/blockquote>\n<p>Avagy: pont annyira vagy j\u00f3, mint az utols\u00f3 k\u00e9ped. Ennek megfelel\u0151en a j\u00f3 portf\u00f3li\u00f3 els\u0151 sorban friss. Ez\u00e9rt (is) \u00edrunk <a href=\"http:\/\/www.blog.kepfenyezo.hu\/\">blogot<\/a>, \u00edgy szeretn\u00e9nk megh\u00edvni oda, hiszen a friss k\u00e9peink rendszerint oda ker\u00fclnek fel el\u0151sz\u00f6r &#8211; az itt l\u00e1that\u00f3 portf\u00f3li\u00f3 friss\u00edt\u00e9s\u00e9vel \u00f6r\u00f6k\u00f6s elmarad\u00e1sban vagyunk.\u00a0Persze az\u00e9rt \u00f6ssze\u00e1ll\u00edtottunk egy v\u00e1logat\u00e1st k\u00f6zelm\u00faltbeli munk\u00e1inkb\u00f3l \u00e9s r\u00e9gebbi kedvenceinkb\u0151l &#8211; ez l\u00e1that\u00f3 itt, a weblapon, h\u00e1rom nagyobb csokorba rendezve:<\/p>\n<ul>\n<li><strong>Creative<\/strong>: az esk\u00fcv\u0151k\u00f6n, vagy esk\u00fcv\u0151 k\u00f6rny\u00e9ki napokon elk\u00f6vetett kreat\u00edv fot\u00f3z\u00e1sok k\u00e9pei<\/li>\n<li><strong>Story<\/strong>: ezeket a k\u00e9peket a legnehezebb kiemelni a saj\u00e1t k\u00f6rnyezetb\u0151l, hiszen a sorozat c\u00e9lja egy napot elmes\u00e9lni. M\u00e9gis megpr\u00f3b\u00e1ltunk n\u00e9h\u00e1ny olyan fot\u00f3t kiv\u00e1logatni, ami &#8220;cseppben a tenger&#8221;-k\u00e9nt tal\u00e1n \u00f6nmag\u00e1ban is mes\u00e9l (de els\u0151 sorban arra biztatn\u00e1nk mindenkit, hogy ink\u00e1bb teljes sorozatokat n\u00e9zzen diavet\u00edt\u00e9sk\u00e9nt vagy a blogon)<\/li>\n<li><strong>Engagement<\/strong>: jegyesfot\u00f3z\u00e1s, p\u00e1ros portr\u00e9k, szerelmes k\u00e9pek, vagy h\u00edvjuk ak\u00e1rhogy: ezek a &#8220;r\u00f3latok-nektek&#8221; k\u00e9sz\u00fcl\u0151 k\u00e9pek. Nincs sz\u00fcks\u00e9g hozz\u00e1 m\u00e9g esk\u00fcv\u0151re sem (sz\u00edvesen l\u00e1tunk p\u00e1rokat &#8220;csak \u00fagy&#8221; is).<\/li>\n<\/ul>\n<p>Persze legal\u00e1bb ilyen fontos egy-egy esk\u00fcv\u0151t egyben l\u00e1tni &#8211; ebb\u0151l kider\u00fcl, hogy el tudunk-e mes\u00e9lni egy napot k\u00e9pekben. Ez\u00e9rt n\u00e9h\u00e1ny sz\u00edv\u00fcnkh\u00f6z n\u0151tt esk\u00fcv\u0151 vagy jegyesfot\u00f3z\u00e1s k\u00e9peib\u0151l k\u00fcl\u00f6n\u00e1ll\u00f3 v\u00e1logat\u00e1sok is szerepelnek itt, a kezd\u0151bet\u0171k (pl. &#8220;B&amp;Z&#8221;) m\u00f6g\u00e9 b\u00fajtatva.<\/p>\n<p>\u00c9s term\u00e9szetesen aj\u00e1nljuk figyelmetekbe a k\u00fcl\u00f6nb\u00f6z\u0151 esk\u00fcv\u0151k \u00e9s fot\u00f3z\u00e1sok anyagaib\u00f3l k\u00e9sz\u00fclt <a href=\"https:\/\/www.kepfenyezo.hu\/eskuvo\/diavetitesek\/\">diavet\u00edt\u00e9seket <\/a>&#8211; ezek rem\u00e9nyeink szerint pont arra val\u00f3k, hogy h\u00e1trad\u0151lve 3-4 perc alatt v\u00e9gig lehessen n\u00e9zni, \u00e9s a v\u00e9g\u00e9re t\u00e9nyleg r\u00e1\u00e9rezzetek a hangulatra is.<\/p>\n","protected":false},"excerpt":{"rendered":"<p>Tavaly megk\u00e9rdezt\u00fck az egyik leend\u0151 menyasszonyunkat, hogy mi\u00e9rt \u00e9ppen minket h\u00edvtak az esk\u00fcv\u0151j\u00fckre &#8211; hiszen olyan sok tehets\u00e9ges fot\u00f3s van itthon.\u00a0N\u00e9mi gondolkod\u00e1s ut\u00e1n annyit &hellip; <a href=\"https:\/\/www.kepfenyezo.hu\/eskuvo\/kepek\/\" class=\"readmore\">More <span class=\"screen-reader-text\">Portf\u00f3li\u00f3<\/span> &raquo;<\/a><\/p>\n","protected":false},"author":9,"featured_media":0,"parent":0,"menu_order":11,"comment_status":"open","ping_status":"closed","template":"","meta":{"footnotes":"","_links_to":"","_links_to_target":""},"class_list":["post-7","page","type-page","status-publish","hentry"],"_links":{"self":[{"href":"https:\/\/www.kepfenyezo.hu\/eskuvo\/wp-json\/wp\/v2\/pages\/7","targetHints":{"allow":["GET"]}}],"collection":[{"href":"https:\/\/www.kepfenyezo.hu\/eskuvo\/wp-json\/wp\/v2\/pages"}],"about":[{"href":"https:\/\/www.kepfenyezo.hu\/eskuvo\/wp-json\/wp\/v2\/types\/page"}],"author":[{"embeddable":true,"href":"https:\/\/www.kepfenyezo.hu\/eskuvo\/wp-json\/wp\/v2\/users\/9"}],"replies":[{"embeddable":true,"href":"https:\/\/www.kepfenyezo.hu\/eskuvo\/wp-json\/wp\/v2\/comments?post=7"}],"version-history":[{"count":16,"href":"https:\/\/www.kepfenyezo.hu\/eskuvo\/wp-json\/wp\/v2\/pages\/7\/revisions"}],"predecessor-version":[{"id":814,"href":"https:\/\/www.kepfenyezo.hu\/eskuvo\/wp-json\/wp\/v2\/pages\/7\/revisions\/814"}],"wp:attachment":[{"href":"https:\/\/www.kepfenyezo.hu\/eskuvo\/wp-json\/wp\/v2\/media?parent=7"}],"curies":[{"name":"wp","href":"https:\/\/api.w.org\/{rel}","templated":true}]}}