{"id":767,"date":"2016-01-11T16:09:53","date_gmt":"2016-01-11T16:09:53","guid":{"rendered":"http:\/\/www.kepfenyezo.hu\/eskuvo\/?page_id=767"},"modified":"2017-05-09T10:09:37","modified_gmt":"2017-05-09T10:09:37","slug":"niki","status":"publish","type":"page","link":"https:\/\/www.kepfenyezo.hu\/eskuvo\/rolunk\/niki\/","title":{"rendered":"Szab\u00f3-V\u00e1gv\u00f6gyi Niki"},"content":{"rendered":"<p>&nbsp;<\/p>\n<h2 style=\"text-align: left;\"><a href=\"https:\/\/www.kepfenyezo.hu\/eskuvo\/wp-content\/uploads\/2016\/01\/niki.jpg\" rel=\"attachment wp-att-768\"><img loading=\"lazy\" decoding=\"async\" class=\"wp-image-768 alignright\" src=\"https:\/\/www.kepfenyezo.hu\/eskuvo\/wp-content\/uploads\/2016\/01\/niki-750x446.jpg\" alt=\"niki\" width=\"400\" height=\"238\" srcset=\"https:\/\/www.kepfenyezo.hu\/eskuvo\/wp-content\/uploads\/2016\/01\/niki-750x446.jpg 750w, https:\/\/www.kepfenyezo.hu\/eskuvo\/wp-content\/uploads\/2016\/01\/niki-300x178.jpg 300w, https:\/\/www.kepfenyezo.hu\/eskuvo\/wp-content\/uploads\/2016\/01\/niki-768x456.jpg 768w, https:\/\/www.kepfenyezo.hu\/eskuvo\/wp-content\/uploads\/2016\/01\/niki.jpg 1920w\" sizes=\"auto, (max-width: 400px) 100vw, 400px\" \/><\/a>V\u00e1gv\u00f6lgyi Niki<\/h2>\n<p>2012 szilveszter\u00e9n ismerkedtem meg el\u0151sz\u00f6r az els\u0151, majd neki k\u00f6sz\u00f6nhet\u0151en nem sokkal k\u00e9s\u0151bb a m\u00e1sodik szerelmemmel.<\/p>\n<p>M\u00e1r r\u00e9g\u00f3ta \u00e9rdekelt a f\u00e9nyk\u00e9pez\u00e9s, sokat j\u00e1tszadoztam a gondolattal, hogy milyen j\u00f3 lenne elmenni egy tanfolyamra, ahol elsaj\u00e1t\u00edthatom a fot\u00f3z\u00e1s alapjait, de technikai felszerel\u00e9s h\u00edj\u00e1n erre kor\u00e1bban nem volt lehet\u0151s\u00e9gem. Azt\u00e1n azon a bizonyos szilveszter est\u00e9n megismerkedtem Lacival &#8211; aki ma m\u00e1r a f\u00e9rjem -, \u00e9s neki k\u00f6sz\u00f6nhet\u0151en nem sokkal k\u00e9s\u0151bb megval\u00f3s\u00edthattam r\u00e9gi \u00e1lmomat, hiszen lapult a szekr\u00e9nye m\u00e9ly\u00e9n egy t\u00fck\u00f6rreflexes g\u00e9p arra v\u00e1rva, hogy v\u00e9gre valaki haszn\u00e1lja. Ezt k\u00f6vet\u0151en m\u00e1r nem volt akad\u00e1lya a fot\u00f3stanfolyamnak, p\u00e1r h\u00f3nap eltelt\u00e9vel pedig azon kaptam magamat, hogy ki sem teszem a l\u00e1bamat a h\u00e1zb\u00f3l f\u00e9nyk\u00e9pez\u0151g\u00e9p n\u00e9lk\u00fcl.<\/p>\n<p>Ma m\u00e1r nem tudn\u00e1m elk\u00e9pzelni az \u00e9letemet fot\u00f3z\u00e1s n\u00e9lk\u00fcl. Boldogs\u00e1ggal t\u00f6lt el egyr\u00e9szt, hogy a f\u00e9nyk\u00e9pez\u0151g\u00e9p lencs\u00e9j\u00e9n kereszt\u00fcl meg\u00e1ll\u00edthatom az id\u0151t \u00e9s meg\u00f6r\u00f6k\u00edthetem a pillanatot, m\u00e1sr\u00e9szt pedig, hogy ezzel m\u00e1soknak is \u00f6r\u00f6met okozhatok. Rem\u00e9lem, hogy a K\u00e9pf\u00e9nyez\u0151 csapat tagjak\u00e9nt sokaknak adhatok \u00e9letre sz\u00f3l\u00f3 eml\u00e9keket k\u00e9peimmel.<\/p>\n","protected":false},"excerpt":{"rendered":"<p>&nbsp; V\u00e1gv\u00f6lgyi Niki 2012 szilveszter\u00e9n ismerkedtem meg el\u0151sz\u00f6r az els\u0151, majd neki k\u00f6sz\u00f6nhet\u0151en nem sokkal k\u00e9s\u0151bb a m\u00e1sodik szerelmemmel. M\u00e1r r\u00e9g\u00f3ta \u00e9rdekelt a f\u00e9nyk\u00e9pez\u00e9s, &hellip; <a href=\"https:\/\/www.kepfenyezo.hu\/eskuvo\/rolunk\/niki\/\" class=\"readmore\">More <span class=\"screen-reader-text\">Szab\u00f3-V\u00e1gv\u00f6gyi Niki<\/span> &raquo;<\/a><\/p>\n","protected":false},"author":9,"featured_media":0,"parent":16,"menu_order":5,"comment_status":"closed","ping_status":"closed","template":"","meta":{"footnotes":"","_links_to":"","_links_to_target":""},"class_list":["post-767","page","type-page","status-publish","hentry"],"_links":{"self":[{"href":"https:\/\/www.kepfenyezo.hu\/eskuvo\/wp-json\/wp\/v2\/pages\/767","targetHints":{"allow":["GET"]}}],"collection":[{"href":"https:\/\/www.kepfenyezo.hu\/eskuvo\/wp-json\/wp\/v2\/pages"}],"about":[{"href":"https:\/\/www.kepfenyezo.hu\/eskuvo\/wp-json\/wp\/v2\/types\/page"}],"author":[{"embeddable":true,"href":"https:\/\/www.kepfenyezo.hu\/eskuvo\/wp-json\/wp\/v2\/users\/9"}],"replies":[{"embeddable":true,"href":"https:\/\/www.kepfenyezo.hu\/eskuvo\/wp-json\/wp\/v2\/comments?post=767"}],"version-history":[{"count":11,"href":"https:\/\/www.kepfenyezo.hu\/eskuvo\/wp-json\/wp\/v2\/pages\/767\/revisions"}],"predecessor-version":[{"id":1298,"href":"https:\/\/www.kepfenyezo.hu\/eskuvo\/wp-json\/wp\/v2\/pages\/767\/revisions\/1298"}],"up":[{"embeddable":true,"href":"https:\/\/www.kepfenyezo.hu\/eskuvo\/wp-json\/wp\/v2\/pages\/16"}],"wp:attachment":[{"href":"https:\/\/www.kepfenyezo.hu\/eskuvo\/wp-json\/wp\/v2\/media?parent=767"}],"curies":[{"name":"wp","href":"https:\/\/api.w.org\/{rel}","templated":true}]}}